{"id":2105,"date":"2018-04-16T09:59:44","date_gmt":"2018-04-16T09:59:44","guid":{"rendered":"http:\/\/woodbike-the-world.de\/?page_id=2105"},"modified":"2026-01-28T12:07:53","modified_gmt":"2026-01-28T12:07:53","slug":"film-trailer","status":"publish","type":"page","link":"https:\/\/woodbike-the-world.de\/?page_id=2105","title":{"rendered":"Film"},"content":{"rendered":"<h4 style=\"text-align: center;\">Bis dieser Film fertig ist dauert es noch. Bei 1,2 TB oder mehr Filmmaterial es anzusehen schneiden und Musik reinbringen dauert. Und dieser Film soll nicht nur \u00fcber meine Reise mit den WoodBike sein sonder meine Ganze Reise. Ich m\u00f6chte keine Halben Sachen machen deswegen soll es sehr gut werden. Und dieser Film wird von Leuten und mir Zusammen geschnitten mit einen guten Drehbuch und Musik.<\/h4>\n<h3 style=\"text-align: center;\"><strong>SORRY<\/strong><\/h3>\n<h4 style=\"text-align: center;\"><iframe loading=\"lazy\" src=\"https:\/\/www.youtube.com\/embed\/NSkmpbZhlr4\" width=\"560\" height=\"315\" frameborder=\"0\" allowfullscreen=\"allowfullscreen\"><\/iframe><\/h4>\n<p style=\"text-align: center;\">Dieser Film hei\u00dft:<\/p>\n<h1 style=\"text-align: center;\"><span style=\"color: #ff6600;\"><strong>ZEIT SPIELT KEINE ROLLE<\/strong><\/span><\/h1>\n<h4 style=\"text-align: center;\"><span style=\"color: #ff6600;\"><strong>JEDEN TAG EIN NEUES ABENTEUER<\/strong><\/span><\/h4>\n<h4><\/h4>\n<h4 style=\"text-align: center;\">Vor paar Jahren ging es los am 23.03.2016.<\/h4>\n<h4 style=\"text-align: center;\">Diese Reise mit WoodBike, LKW, \u00a0Zug, Polizei &amp; Flugzeug hat mein Leben ver\u00e4ndert, auch im nachdenken ver\u00e4ndert.\u00a0Es spielt f\u00fcr mich keine Roller mehr wie ich von A bis nach B komme. Bis jetzt ist das Fahrrad noch zu 70% mein Fortbewegungsmittel es ist am billigsten und eine sch\u00f6nes Reisemittel. Aber Menschen ver\u00e4ndern sich und lebe dein leben so das es dich gl\u00fccklich macht.<\/h4>\n<h4 style=\"text-align: center;\">Warum hab ich ein Fahrrad genommen. Eigentlich wollte ich alles mit den Fahrrad machen. aber warum ist es ein Holzfahrrad und jetzt nicht nur ein Trekking oder Reisefahrrad geworden. Weil ich bin Tischler liebe Holz und es musste ein WoodBike sein, was au\u00dfergew\u00f6hnliches. Dieses Fahrrad wiegt 33.34kg das ist das doppelt was ein normales Fahrrad wiegt. Aber ein Fahrrad hat eine gute Geschwindigkeit man kann egal wo anhalten Bilder oder Videos machen, man hat soviel freie Gedanken das man \u00fcber jeden schei\u00df nachdenken kann und die verr\u00fccktesten Ideen hat. Diese Fahrten mit den LKW\u00b4s, Zug oder Motorrad waren so intensiv weil man lernt die Menschen kennen was Sie jeden Tag machen m\u00fcssen. Oder was ein Mensch durch macht, es sind andere Kulturen die mich so interessieren. Das es \u00fcberhaupt nicht mehr auf das Fahrrad fahren drauf an kommt.<\/h4>\n<h4 style=\"text-align: center;\"><iframe loading=\"lazy\" src=\"https:\/\/www.youtube.com\/embed\/golkfnfpCt4\" width=\"560\" height=\"315\" frameborder=\"0\" allowfullscreen=\"allowfullscreen\"><\/iframe><iframe loading=\"lazy\" src=\"https:\/\/www.youtube.com\/embed\/Rg7DozutIfY\" width=\"560\" height=\"315\" frameborder=\"0\" allowfullscreen=\"allowfullscreen\"><\/iframe><\/h4>\n<h6 style=\"text-align: center;\">Magst du meine Bilder, Videos und meine Geschichten ?<br \/>\nDann w\u00fcrde ich mich riesig \u00fcber eine Spende von dir freuen !!!<\/h6>\n<h5 style=\"text-align: center;\">Klicke einfach auf den <span style=\"color: #ff0000;\"><strong>Spenden<\/strong><\/span> Button.<\/h5>\n<h4 style=\"text-align: center;\">(Please enter your Payment methods data on the settings pages.)<\/h4>\n<h6 style=\"text-align: center;\">Als Dankesch\u00f6n bekommst Du eine Postkarte aus dem Land in dem ich grade unterwegs bin.\u00a0Wenn du lieber Geld \u00fcberweisen m\u00f6chtest, an stelle Pay Pal zu benutzen, dann sieht du meine Kontodaten und kannst loslegen.<b><\/b><\/h6>\n<h6 style=\"text-align: center;\">Aber bitte schreib mir eine E-Mail mit euer Adresse sonst kommt die Karte nicht an.<br \/>\nKlick auf das <span style=\"color: #ff0000;\">E-Mail Logo<\/span> und ab geht es.<\/h6>\n<p style=\"text-align: center;\">\u00a0<a href=\"mailto:1985hoffmann@gmx.de\"><img decoding=\"async\" src=\"http:\/\/woodbike-the-world.de\/wp-content\/uploads\/2016\/11\/mail.png\" \/><\/a><\/p>\n<p style=\"text-align: center;\"><span style=\"color: #000000;\"><em><strong>DANKESCH\u00d6N<\/strong><\/em><\/span><\/p>\n","protected":false},"excerpt":{"rendered":"<p>Bis dieser Film fertig ist dauert es noch. Bei 1,2 TB oder mehr Filmmaterial es anzusehen schneiden und Musik reinbringen dauert. Und dieser Film soll nicht nur \u00fcber meine Reise mit den WoodBike sein sonder meine Ganze Reise. Ich m\u00f6chte keine Halben Sachen machen deswegen soll es sehr gut werden. Und dieser Film wird von [&hellip;]<\/p>\n","protected":false},"author":1,"featured_media":2025,"parent":0,"menu_order":0,"comment_status":"closed","ping_status":"closed","template":"","meta":{"footnotes":""},"class_list":["post-2105","page","type-page","status-publish","has-post-thumbnail","hentry","gallery-content-unit"],"_links":{"self":[{"href":"https:\/\/woodbike-the-world.de\/index.php?rest_route=\/wp\/v2\/pages\/2105","targetHints":{"allow":["GET"]}}],"collection":[{"href":"https:\/\/woodbike-the-world.de\/index.php?rest_route=\/wp\/v2\/pages"}],"about":[{"href":"https:\/\/woodbike-the-world.de\/index.php?rest_route=\/wp\/v2\/types\/page"}],"author":[{"embeddable":true,"href":"https:\/\/woodbike-the-world.de\/index.php?rest_route=\/wp\/v2\/users\/1"}],"replies":[{"embeddable":true,"href":"https:\/\/woodbike-the-world.de\/index.php?rest_route=%2Fwp%2Fv2%2Fcomments&post=2105"}],"version-history":[{"count":12,"href":"https:\/\/woodbike-the-world.de\/index.php?rest_route=\/wp\/v2\/pages\/2105\/revisions"}],"predecessor-version":[{"id":3775,"href":"https:\/\/woodbike-the-world.de\/index.php?rest_route=\/wp\/v2\/pages\/2105\/revisions\/3775"}],"wp:featuredmedia":[{"embeddable":true,"href":"https:\/\/woodbike-the-world.de\/index.php?rest_route=\/wp\/v2\/media\/2025"}],"wp:attachment":[{"href":"https:\/\/woodbike-the-world.de\/index.php?rest_route=%2Fwp%2Fv2%2Fmedia&parent=2105"}],"curies":[{"name":"wp","href":"https:\/\/api.w.org\/{rel}","templated":true}]}}